{"id":439,"date":"2018-04-14T13:42:46","date_gmt":"2018-04-14T13:42:46","guid":{"rendered":"http:\/\/www.vilanovatrasters.com\/?page_id=439"},"modified":"2018-04-14T13:42:46","modified_gmt":"2018-04-14T13:42:46","slug":"avis-legal","status":"publish","type":"page","link":"https:\/\/www.vilanovatrasters.com\/ca\/avis-legal\/","title":{"rendered":"Av\u00eds Legal"},"content":{"rendered":"<div class=\"wpb-content-wrapper\"><p>[vc_row][vc_column][vc_empty_space height=&#8221;50&#8243;][vc_column_text]<strong>I. INFORMACI\u00d3 GENERAL<\/strong><\/p>\n<p>Aquesta web est\u00e0 considerada com un servei per MONCUS\u00cd, S.A. sent el propietari de tots els drets. A aquests efectes, MONCUS\u00cd, S.A. amb domicili social al c\/. Santa Clara, 28-30, 2n 3a 08720-VILAFRANCA DEL PENED\u00c8S i CIF A-58.586.553. MONCUS\u00cd, S.A. presta els serveis expressats en les diferents parts de la web.<\/p>\n<p><strong>II. OBJECTE<\/strong><\/p>\n<p>Aquest lloc web ha estat dissenyat per donar a con\u00e8ixer i permetre l\u2019acc\u00e9s general a tots els usuaris a la informaci\u00f3 i productes oferts per MONCUS\u00cd, S.A..<\/p>\n<p>En qualsevol moment MONCUS\u00cd, S.A. t\u00e9 el dret de modificar, sense previ av\u00eds, el disseny, presentaci\u00f3 i\/o la configuraci\u00f3 del lloc web, aix\u00ed com alguns o tots els continguts. MONCUS\u00cd, S.A. tamb\u00e9 pot modificar el contingut general i\/o les condicions particulars requerides per utilitzar el contingut de la p\u00e0gina.<\/p>\n<p>MONCUS\u00cd, S.A. ha obtingut la informaci\u00f3 publicada en aquesta p\u00e0gina web de fonts considerades com a fiables, no obstant aix\u00f2, no garanteix que la mateixa sigui exacta, completa o actualitzada.<\/p>\n<p>Els preus dels immobles publicats no inclouen els impostos ni despeses que es puguin derivar en cada cas.<\/p>\n<p><strong>III. RESPONSABILITAT<\/strong><\/p>\n<p>El contingut de la p\u00e0gina web t\u00e9 car\u00e0cter informatiu general i, per tant, podria resultar insuficient per a l\u2019adopci\u00f3 per l\u2019usuari d\u2019una decisi\u00f3 personal o de negoci. MONCUS\u00cd, S.A. no est\u00e0 obligada, en cap cas, a demostrar la veracitat, exactitud, idone\u00eftat, integritat i vig\u00e8ncia del contingut. L\u2019usuari accepta que la utilitzaci\u00f3 de la p\u00e0gina web i\/o del Contingut ser\u00e0 sota el seu compte i risc. En la mesura en qu\u00e8 la legislaci\u00f3 aplicable ho permeti, MONCUS\u00cd, S.A. no assumeix cap tipus de responsabilitat per les decisions adoptades per l\u2019usuari basant-se en la informaci\u00f3 facilitada a la p\u00e0gina web, ni pels danys directes o indirectes que pugui sofrir com a resultat d\u2019actuacions basades en el lloc o els continguts.<\/p>\n<p>MONCUS\u00cd, S.A. no es fa responsable de qualsevol defici\u00e8ncia en el servei prestat pel servidor, ni les xarxes de comunicaci\u00f3, ni els problemes resultants del mal funcionament o \u00fas de versions no optimitzades dels navegadors.<\/p>\n<p>MONCUS\u00cd, S.A. no es fa responsable dels danys causats per qualsevol virus inform\u00e0tic ni que es derivin de navegar per les seves p\u00e0gines web.<\/p>\n<p>MONCUS\u00cd, S.A. no es responsabilitza dels continguts i opinions de tercers difosos en la seva p\u00e0gina web, ni de la informaci\u00f3 continguda a les p\u00e0gines web de tercers a les quals pugui accedir per enlla\u00e7os o cercadors del lloc web, ja que la funci\u00f3 d\u2019aquestes \u00e9s informar a l\u2019Usuari sobre l\u2019exist\u00e8ncia d\u2019altres fonts d\u2019informaci\u00f3 sobre la mat\u00e8ria en Internet on podr\u00e0 ampliar les dades ofertes en aquest lloc web, i en cap cas suposa suggeriment, invitaci\u00f3 o recomanaci\u00f3 dels mateixos. Per tot aix\u00f2, MONCUS\u00cd, S.A. no es responsabilitza del resultat obtingut a trav\u00e9s d\u2019aquests enlla\u00e7os.<\/p>\n<p><strong>IV. PROPIETAT INDUSTRIAL I INTEL\u00b7LECTUAL<\/strong><\/p>\n<p>Aquest lloc web \u00e9s propietat de MONCUS\u00cd, S.A.. Els drets de propietat intel\u2022lectual i drets d\u2019\u00fas i la reproducci\u00f3 d\u2019aquest lloc web, incloent els seus logos, marques comercials, imatges, fotos, gr\u00e0fics, v\u00eddeos, p\u00e0gines, pantalles, la informaci\u00f3 que contenen, la seva aparen\u00e7a i disseny, aix\u00ed com els enlla\u00e7os que s\u2019estableixin des d\u2019ella a altres p\u00e0gines web que pertanyen a MONCUS\u00cd, S.A. o qualsevol un altre material o contingut, independentment de si han estat registrats, s\u2019ha sol\u2022licitat el seu registre o no estan registrats, s\u00f3n propietat exclusiva d\u2019aquest tret que s\u2019especifiqui una altra cosa. Qualsevol \u00fas indegut de les mateixes per persona diferent del seu leg\u00edtim titular podria ser processat en virtut de la legislaci\u00f3 vigent. Nom\u00e9s per a \u00fas personal i privat es permet descarregar els continguts, copiar o imprimir qualsevol p\u00e0gina d\u2019aquest lloc web. Queda prohibit reproduir, transmetre, modificar o esborrar informaci\u00f3, contingut o advertiments d\u2019aquest lloc web sense pr\u00e8via autoritzaci\u00f3 per escrit d\u2019MONCUS\u00cd, S.A.. En aquest sentit, MONCUS\u00cd, S.A. es reserva l\u2019exercici de les accions legals oportunes en defensa dels seus drets.<\/p>\n<p>Queda prohibit als usuaris del lloc web violar o intentar violar les mesures de seguretat del mateix, incloent, sense limitaci\u00f3:<\/p>\n<p>(1) Intentar analitzar o provar la vulnerabilitat del sistema o xarxa o violar les mesures de seguretat o autenticaci\u00f3 sense la deguda autoritzaci\u00f3;<\/p>\n<p>(2) Intentar interferir en la prestaci\u00f3 de servei a qualsevol usuari, equip o xarxa, incloent, sense limitaci\u00f3, atacs per sobrec\u00e0rrega, \u201cflooding\u201d, \u201cmail bombing\u201d o \u201ccrash\u201d; o<\/p>\n<p>(3) L\u2019intent d\u2019infiltrar-se en la totalitat o part del contingut del lloc, aix\u00ed com esborrar o canviar qualsevol contingut del lloc.[\/vc_column_text][\/vc_column][\/vc_row]<\/p>\n<\/div>","protected":false},"excerpt":{"rendered":"<p>[vc_row][vc_column][vc_empty_space height=&#8221;50&#8243;][vc_column_text]I. INFORMACI\u00d3 GENERAL Aquesta web est\u00e0 considerada com un servei per MONCUS\u00cd, S.A. sent el propietari de tots els drets. A aquests efectes, MONCUS\u00cd, S.A. amb domicili social al c\/. Santa Clara, 28-30, 2n 3a 08720-VILAFRANCA DEL PENED\u00c8S i CIF A-58.586.553. MONCUS\u00cd, S.A. presta els serveis expressats en les diferents parts de la web.&hellip;<\/p>\n","protected":false},"author":3,"featured_media":0,"parent":0,"menu_order":0,"comment_status":"closed","ping_status":"closed","template":"","meta":{"footnotes":""},"class_list":["post-439","page","type-page","status-publish","hentry","description-off"],"_links":{"self":[{"href":"https:\/\/www.vilanovatrasters.com\/ca\/wp-json\/wp\/v2\/pages\/439","targetHints":{"allow":["GET"]}}],"collection":[{"href":"https:\/\/www.vilanovatrasters.com\/ca\/wp-json\/wp\/v2\/pages"}],"about":[{"href":"https:\/\/www.vilanovatrasters.com\/ca\/wp-json\/wp\/v2\/types\/page"}],"author":[{"embeddable":true,"href":"https:\/\/www.vilanovatrasters.com\/ca\/wp-json\/wp\/v2\/users\/3"}],"replies":[{"embeddable":true,"href":"https:\/\/www.vilanovatrasters.com\/ca\/wp-json\/wp\/v2\/comments?post=439"}],"version-history":[{"count":1,"href":"https:\/\/www.vilanovatrasters.com\/ca\/wp-json\/wp\/v2\/pages\/439\/revisions"}],"predecessor-version":[{"id":447,"href":"https:\/\/www.vilanovatrasters.com\/ca\/wp-json\/wp\/v2\/pages\/439\/revisions\/447"}],"wp:attachment":[{"href":"https:\/\/www.vilanovatrasters.com\/ca\/wp-json\/wp\/v2\/media?parent=439"}],"curies":[{"name":"wp","href":"https:\/\/api.w.org\/{rel}","templated":true}]}}