{"id":443,"date":"2018-04-14T13:43:11","date_gmt":"2018-04-14T13:43:11","guid":{"rendered":"http:\/\/www.vilanovatrasters.com\/?page_id=443"},"modified":"2018-04-14T13:45:29","modified_gmt":"2018-04-14T13:45:29","slug":"politica-de-cookies","status":"publish","type":"page","link":"https:\/\/www.vilanovatrasters.com\/ca\/politica-de-cookies\/","title":{"rendered":"Pol\u00edtica de cookies"},"content":{"rendered":"<div class=\"wpb-content-wrapper\"><p>[vc_row][vc_column][vc_empty_space height=&#8221;50&#8243;][vc_column_text]<\/p>\n<ul>\n<li>Les \u201ccookies\u201d o dispositiu d\u2019emmagatzematge i recuperaci\u00f3 de dades i equips terminals, \u00e9s un fitxer enviat per una p\u00e0gina web al navegador de l\u2019usuari i que s\u2019emmagatzema autom\u00e0ticament en el terminal d\u2019aquest perqu\u00e8 la p\u00e0gina web en q\u00fcesti\u00f3 pugui consultar l\u2019activitat pr\u00e8via de l\u2019usuari i \u201crecon\u00e8ixe\u2019l\u201d.Les \u201ccookies\u201d poden recordar altres tipus d\u2019informaci\u00f3 personal, com la contrasenya d\u2019un usuari, de manera que no calgui tornar a escriure-la cada vegada que visita el mateix lloc, o les seves prefer\u00e8ncies envers a la configuraci\u00f3 d\u2019una p\u00e0gina web (idioma, resoluci\u00f3 de pantalla, entre altres).Les \u201ccookies\u201d s\u00f3n essencials pel funcionament d\u2019internet, aportant innombrables avantatges en la prestaci\u00f3 de serveis interactius, facilitant-li la navegaci\u00f3 i \u00fas de la web. Les \u201ccookies\u201d no poden danyar el seu equip i que estiguin activades ajuda a identificar i resoldre els errors.En definitiva, una \u201ccookie\u201d no \u00e9s m\u00e9s que una successi\u00f3 de dades de navegaci\u00f3 que s\u2019emmagatzemen en l\u2019equip de l\u2019usuari i que les p\u00e0gines web detecten i reconeixen per \u201crecordar\u201d aquesta navegaci\u00f3.A continuaci\u00f3, proporcionem m\u00e9s informaci\u00f3 sobre l\u2019\u00fas de \u201ccookies\u201d utilitzades a la nostra p\u00e0gina web, distingint:\n<ul>\n<li>_\u201dCookies\u201d de sessi\u00f3: s\u00f3n \u201ccookies\u201d temporals que romanen en l\u2019arxiu de \u201ccookies\u201d del seu navegador fins que abandoni la p\u00e0gina web, per la qual cosa cap queda registrada en el disc dur de l\u2019usuari. La informaci\u00f3 obtinguda per mitj\u00e0 d\u2019aquestes \u201ccookies\u201d, serveixen per analitzar pautes de tr\u00e0fic a la web. A la llarga, aix\u00f2 ens permet proporcionar una millor experi\u00e8ncia per millorar el contingut i facilitant el seu \u00fas.<\/li>\n<li>_\u201dCookies\u201d permanents: s\u00f3n emmagatzemades en el disc dur i nostra web les llegeix cada vegada que vost\u00e8 realitza una nova visita. Una web permanent posseeix una data d\u2019expiraci\u00f3 determinada. La cookie deixar\u00e0 de funcionar despr\u00e9s d\u2019aquesta data.<br \/>\nA continuaci\u00f3 publiquem una relaci\u00f3 de les principals \u201ccookies\u201d utilitzades a la nostra Web, distingint:<\/li>\n<li>_Les \u201ccookies\u201d estrictament necess\u00e0ries com per exemple, aquelles que serveixin per a una correcta navegaci\u00f3 o les que permetin realitzar serveis sol\u2022licitats per l\u2019usuari o \u201ccookies\u201d que serveixin per assegurar que el contingut de la p\u00e0gina web es carrega efica\u00e7ment.<\/li>\n<li>_Les \u201ccookies\u201d de tercers com per exemple, les usades per xarxes socials, o per complements externs de contingut.<\/li>\n<li>_Les \u201ccookies\u201d anal\u00edtiques amb prop\u00f2sits de manteniment peri\u00f2dic, i en honor de garantir el millor servei possible a l\u2019usuari, els llocs webs fan \u00fas normalment de \u201ccookies\u201d anal\u00edtiques per recopilar dades estad\u00edstiques de l\u2019activitat.<\/li>\n<li>_Les \u201ccookies\u201d de publicitat comportamental s\u00f3n aquelles que emmagatzemen informaci\u00f3 del comportament dels usuaris obtinguda a trav\u00e9s de l\u2019observaci\u00f3 continuada dels seus h\u00e0bits de navegaci\u00f3, la qual cosa permet desenvolupar un perfil per mostrar publicitat personalitzada.<\/li>\n<\/ul>\n<p>Garanties complement\u00e0ries \u2013 Gesti\u00f3 de \u201ccookies\u201d:<\/p>\n<p>Tots els navegadors d\u2019Internet permeten limitar el comportament d\u2019una \u201ccookie\u201d o desactivar les \u201ccookies\u201d dins de la configuraci\u00f3 o les opcions del navegador. Els passos per fer-ho s\u00f3n diferents per a cada navegador, podent-se trobar instruccions en el men\u00fa d\u2019ajuda del teu navegador.<\/p>\n<p>En el cas que desitgi obtenir informaci\u00f3 sobre com bloquejar o desactivar les \u201ccookies\u201d del nostre lloc web, ho pot fer fent clic als seg\u00fcents enlla\u00e7os en funci\u00f3 del seu navegador:<\/p>\n<ul>\n<li>Firefox des de aqu\u00ed:\u00a0<a href=\"http:\/\/support.mozilla.org\/es\/kb\/habilitar-y-deshabilitar-cookies-que-los-sitios-we\">http:\/\/support.mozilla.org\/es\/kb\/habilitar-y-deshabilitar-cookies-que-los-<\/a><a href=\"http:\/\/support.mozilla.org\/es\/kb\/habilitar-y-deshabilitar-cookies-que-los-sitios-we\">sitios-we<\/a><\/li>\n<li>Chrome des de aqu\u00ed:\u00a0<a href=\"http:\/\/support.google.com\/chrome\/bin\/answer.py?hl=es&amp;answer=95647\">http:\/\/support.google.com\/chrome\/bin\/answer.py?hl=es&amp;answer=95647<\/a><\/li>\n<li>Explorer des de aqu\u00ed:\u00a0<a href=\"http:\/\/windows.microsoft.com\/es-es\/internet-explorer\/delete-manage-cookies#ie%3Die-10\">http:\/\/windows.microsoft.com\/es-es\/internet-explorer\/delete-manage-<\/a><a href=\"http:\/\/windows.microsoft.com\/es-es\/internet-explorer\/delete-manage-cookies#ie%3Die-10\">cookies#ie=ie-10<\/a><\/li>\n<li>Safari des de aqu\u00ed:\u00a0<a href=\"https:\/\/support.apple.com\/kb\/ph17191?locale=es_ES\">https:\/\/support.apple.com\/kb\/ph17191?locale=es_ES<\/a><\/li>\n<li>Opera des de aqu\u00ed:\u00a0<a href=\"http:\/\/help.opera.com\/Windows\/11.50\/es-ES\/cookies.html\">http:\/\/help.opera.com\/Windows\/11.50\/es-ES\/cookies.html<\/a><\/li>\n<\/ul>\n<\/li>\n<\/ul>\n<p>[\/vc_column_text][\/vc_column][\/vc_row]<\/p>\n<\/div>","protected":false},"excerpt":{"rendered":"<p>[vc_row][vc_column][vc_empty_space height=&#8221;50&#8243;][vc_column_text] Les \u201ccookies\u201d o dispositiu d\u2019emmagatzematge i recuperaci\u00f3 de dades i equips terminals, \u00e9s un fitxer enviat per una p\u00e0gina web al navegador de l\u2019usuari i que s\u2019emmagatzema autom\u00e0ticament en el terminal d\u2019aquest perqu\u00e8 la p\u00e0gina web en q\u00fcesti\u00f3 pugui consultar l\u2019activitat pr\u00e8via de l\u2019usuari i \u201crecon\u00e8ixe\u2019l\u201d.Les \u201ccookies\u201d poden recordar altres tipus d\u2019informaci\u00f3 personal,&hellip;<\/p>\n","protected":false},"author":3,"featured_media":0,"parent":0,"menu_order":0,"comment_status":"closed","ping_status":"closed","template":"","meta":{"footnotes":""},"class_list":["post-443","page","type-page","status-publish","hentry","description-off"],"_links":{"self":[{"href":"https:\/\/www.vilanovatrasters.com\/ca\/wp-json\/wp\/v2\/pages\/443","targetHints":{"allow":["GET"]}}],"collection":[{"href":"https:\/\/www.vilanovatrasters.com\/ca\/wp-json\/wp\/v2\/pages"}],"about":[{"href":"https:\/\/www.vilanovatrasters.com\/ca\/wp-json\/wp\/v2\/types\/page"}],"author":[{"embeddable":true,"href":"https:\/\/www.vilanovatrasters.com\/ca\/wp-json\/wp\/v2\/users\/3"}],"replies":[{"embeddable":true,"href":"https:\/\/www.vilanovatrasters.com\/ca\/wp-json\/wp\/v2\/comments?post=443"}],"version-history":[{"count":1,"href":"https:\/\/www.vilanovatrasters.com\/ca\/wp-json\/wp\/v2\/pages\/443\/revisions"}],"predecessor-version":[{"id":451,"href":"https:\/\/www.vilanovatrasters.com\/ca\/wp-json\/wp\/v2\/pages\/443\/revisions\/451"}],"wp:attachment":[{"href":"https:\/\/www.vilanovatrasters.com\/ca\/wp-json\/wp\/v2\/media?parent=443"}],"curies":[{"name":"wp","href":"https:\/\/api.w.org\/{rel}","templated":true}]}}