{"id":445,"date":"2018-04-14T13:43:36","date_gmt":"2018-04-14T13:43:36","guid":{"rendered":"http:\/\/www.vilanovatrasters.com\/?page_id=445"},"modified":"2018-04-14T13:45:51","modified_gmt":"2018-04-14T13:45:51","slug":"trasters-per-a-professionals","status":"publish","type":"page","link":"https:\/\/www.vilanovatrasters.com\/ca\/trasters-per-a-professionals\/","title":{"rendered":"TRASTERS PER A PROFESSIONALS"},"content":{"rendered":"<div class=\"wpb-content-wrapper\"><p>[vc_row full_width=&#8221;stretch_row_content&#8221; el_class=&#8221;destacada&#8221; css=&#8221;.vc_custom_1523706174078{background-image: url(https:\/\/www.vilanovatrasters.com\/wp-content\/uploads\/2018\/04\/trasteros-autonomos-alquiler.jpg?id=412) !important;background-position: center !important;background-repeat: no-repeat !important;background-size: cover !important;}&#8221;][vc_column][\/vc_column][\/vc_row][vc_row][vc_column][vc_column_text]<\/p>\n<h3>Necessites un espai per a les teves eines o materials?<\/h3>\n<h3>Vols un petit magatzem per ampliar el teu stock de productes?<\/h3>\n<h3>T&#8217;agradaria guardar els documents d&#8217;arxiu de la teva empresa?<\/h3>\n<p>&nbsp;<\/p>\n<p>A <strong>Vilanova Trasters<\/strong> trobar\u00e0s un traster amb les mides que necessitis des de 45\u20ac al mes (IVA incl\u00f2s). Estalvia contractant nom\u00e9s els metres que necessites i amplia en qualsevol moment aquest espai, de forma \u00e0gil i c\u00f2moda.<\/p>\n<p><strong>Economia:<\/strong><br \/>\nJa no necessites un local per a desenvolupar la teva activitat, a m\u00e9s, en el preu estan tots els serveis inclosos. Recorda que el lloguer del traster es desgravable i l\u2019IVA dedu\u00efble.<\/p>\n<p><strong>Comoditat i seguretat:<\/strong><br \/>\nEls nostres trasters estan dins el nucli urb\u00e0 de Vilanova, al centre de la ciutat, amb la comoditat i seguretat que aix\u00f2 suposa.<\/p>\n<p><strong>Accessibilitat:<\/strong><br \/>\nAccedeix a les teves coses tot l\u2019any, tindr\u00e0s acc\u00e9s les 24h del dia els 365 dies de l\u2019any.[\/vc_column_text][\/vc_column][\/vc_row]<\/p>\n<\/div>","protected":false},"excerpt":{"rendered":"<p>[vc_row full_width=&#8221;stretch_row_content&#8221; el_class=&#8221;destacada&#8221; css=&#8221;.vc_custom_1523706174078{background-image: url(https:\/\/www.vilanovatrasters.com\/wp-content\/uploads\/2018\/04\/trasteros-autonomos-alquiler.jpg?id=412) !important;background-position: center !important;background-repeat: no-repeat !important;background-size: cover !important;}&#8221;][vc_column][\/vc_column][\/vc_row][vc_row][vc_column][vc_column_text] Necessites un espai per a les teves eines o materials? Vols un petit magatzem per ampliar el teu stock de productes? T&#8217;agradaria guardar els documents d&#8217;arxiu de la teva empresa? &nbsp; A Vilanova Trasters trobar\u00e0s un traster amb les mides que necessitis des&hellip;<\/p>\n","protected":false},"author":3,"featured_media":0,"parent":0,"menu_order":0,"comment_status":"closed","ping_status":"open","template":"","meta":{"footnotes":""},"class_list":["post-445","page","type-page","status-publish","hentry","description-off"],"_links":{"self":[{"href":"https:\/\/www.vilanovatrasters.com\/ca\/wp-json\/wp\/v2\/pages\/445","targetHints":{"allow":["GET"]}}],"collection":[{"href":"https:\/\/www.vilanovatrasters.com\/ca\/wp-json\/wp\/v2\/pages"}],"about":[{"href":"https:\/\/www.vilanovatrasters.com\/ca\/wp-json\/wp\/v2\/types\/page"}],"author":[{"embeddable":true,"href":"https:\/\/www.vilanovatrasters.com\/ca\/wp-json\/wp\/v2\/users\/3"}],"replies":[{"embeddable":true,"href":"https:\/\/www.vilanovatrasters.com\/ca\/wp-json\/wp\/v2\/comments?post=445"}],"version-history":[{"count":1,"href":"https:\/\/www.vilanovatrasters.com\/ca\/wp-json\/wp\/v2\/pages\/445\/revisions"}],"predecessor-version":[{"id":454,"href":"https:\/\/www.vilanovatrasters.com\/ca\/wp-json\/wp\/v2\/pages\/445\/revisions\/454"}],"wp:attachment":[{"href":"https:\/\/www.vilanovatrasters.com\/ca\/wp-json\/wp\/v2\/media?parent=445"}],"curies":[{"name":"wp","href":"https:\/\/api.w.org\/{rel}","templated":true}]}}