{"id":446,"date":"2018-04-14T13:43:26","date_gmt":"2018-04-14T13:43:26","guid":{"rendered":"http:\/\/www.vilanovatrasters.com\/?page_id=446"},"modified":"2018-04-14T13:45:46","modified_gmt":"2018-04-14T13:45:46","slug":"trasters-per-a-particulars","status":"publish","type":"page","link":"https:\/\/www.vilanovatrasters.com\/ca\/trasters-per-a-particulars\/","title":{"rendered":"TRASTERS PER A PARTICULARS"},"content":{"rendered":"<div class=\"wpb-content-wrapper\"><p>[vc_row full_width=&#8221;stretch_row_content&#8221; el_class=&#8221;destacada&#8221; css=&#8221;.vc_custom_1523703782807{background-image: url(https:\/\/www.vilanovatrasters.com\/wp-content\/uploads\/2018\/04\/trasteros-particulares-alquiler.jpg?id=388) !important;background-position: center !important;background-repeat: no-repeat !important;background-size: cover !important;}&#8221;][vc_column][\/vc_column][\/vc_row][vc_row][vc_column][vc_column_text]<\/p>\n<h3>Necessites un espai per a desar les teves coses i les de la teva fam\u00edlia?<\/h3>\n<h3>Est\u00e0s de mudan\u00e7a o de reformes?<\/h3>\n<p>&nbsp;<\/p>\n<p>A <strong>Vilanova Trasters<\/strong> trobar\u00e0s un traster amb les mides que necessitis des de <strong>45\u20ac al mes<\/strong> (IVA incl\u00f2s).\u00a0Estalvia contractant nom\u00e9s els metres que necessites.<\/p>\n<p>A m\u00e9s, si necessites una mida especial et preparem el traster en 48h sense cap c\u00e0rrec addicional.<\/p>\n<p>Els nostres trasters, estan dins del nucli urb\u00e0 de Vilanova, al centre de la ciutat, amb la comoditat i seguretat que aix\u00f2 suposa.<\/p>\n<p>Accedeix a les teves coses tot l\u2019any, tindr\u00e0s acc\u00e9s les 24h del dia els 365 dies de l\u2019any.<\/p>\n<p>Si necessites espai a casa teva pensa en tot el que pots guardar als nostres trasters:\u00a0joguets,\u00a0bicicletes,\u00a0maletes,\u00a0col\u2022leccions de tot tipus, llibres, roba,\u00a0mantes,\u00a0catifes,\u00a0esquis,\u00a0taules de surf,\u00a0mobles,\u00a0raquetes,\u00a0pals de golf,\u00a0etc&#8230;[\/vc_column_text][\/vc_column][\/vc_row]<\/p>\n<\/div>","protected":false},"excerpt":{"rendered":"<p>[vc_row full_width=&#8221;stretch_row_content&#8221; el_class=&#8221;destacada&#8221; css=&#8221;.vc_custom_1523703782807{background-image: url(https:\/\/www.vilanovatrasters.com\/wp-content\/uploads\/2018\/04\/trasteros-particulares-alquiler.jpg?id=388) !important;background-position: center !important;background-repeat: no-repeat !important;background-size: cover !important;}&#8221;][vc_column][\/vc_column][\/vc_row][vc_row][vc_column][vc_column_text] Necessites un espai per a desar les teves coses i les de la teva fam\u00edlia? Est\u00e0s de mudan\u00e7a o de reformes? &nbsp; A Vilanova Trasters trobar\u00e0s un traster amb les mides que necessitis des de 45\u20ac al mes (IVA incl\u00f2s).\u00a0Estalvia contractant nom\u00e9s els&hellip;<\/p>\n","protected":false},"author":3,"featured_media":0,"parent":0,"menu_order":0,"comment_status":"closed","ping_status":"open","template":"","meta":{"footnotes":""},"class_list":["post-446","page","type-page","status-publish","hentry","description-off"],"_links":{"self":[{"href":"https:\/\/www.vilanovatrasters.com\/ca\/wp-json\/wp\/v2\/pages\/446","targetHints":{"allow":["GET"]}}],"collection":[{"href":"https:\/\/www.vilanovatrasters.com\/ca\/wp-json\/wp\/v2\/pages"}],"about":[{"href":"https:\/\/www.vilanovatrasters.com\/ca\/wp-json\/wp\/v2\/types\/page"}],"author":[{"embeddable":true,"href":"https:\/\/www.vilanovatrasters.com\/ca\/wp-json\/wp\/v2\/users\/3"}],"replies":[{"embeddable":true,"href":"https:\/\/www.vilanovatrasters.com\/ca\/wp-json\/wp\/v2\/comments?post=446"}],"version-history":[{"count":1,"href":"https:\/\/www.vilanovatrasters.com\/ca\/wp-json\/wp\/v2\/pages\/446\/revisions"}],"predecessor-version":[{"id":453,"href":"https:\/\/www.vilanovatrasters.com\/ca\/wp-json\/wp\/v2\/pages\/446\/revisions\/453"}],"wp:attachment":[{"href":"https:\/\/www.vilanovatrasters.com\/ca\/wp-json\/wp\/v2\/media?parent=446"}],"curies":[{"name":"wp","href":"https:\/\/api.w.org\/{rel}","templated":true}]}}